{"id":6479,"date":"2025-02-28T10:27:12","date_gmt":"2025-02-28T15:27:12","guid":{"rendered":"https:\/\/www.earthfreshfoods.com\/?page_id=6479"},"modified":"2025-03-02T20:32:50","modified_gmt":"2025-03-03T01:32:50","slug":"tomhughessr","status":"publish","type":"page","link":"https:\/\/www.earthfreshfoods.com\/fr\/tomhughessr\/","title":{"rendered":"Tom Hughes Sr"},"content":{"rendered":"<div data-elementor-type=\"wp-page\" data-elementor-id=\"6479\" class=\"elementor elementor-6479\" data-elementor-post-type=\"page\">\n\t\t\t\t<div class=\"elementor-element elementor-element-4c5f368c elementor-hidden-mobile e-flex e-con-boxed e-con e-parent\" data-id=\"4c5f368c\" data-element_type=\"container\" data-e-type=\"container\" data-settings=\"{&quot;background_background&quot;:&quot;video&quot;,&quot;background_play_on_mobile&quot;:&quot;yes&quot;,&quot;background_video_start&quot;:10}\">\n\t\t\t\t\t<div class=\"e-con-inner\">\n\t\t\t\t<div class=\"elementor-element elementor-element-74d63035 home-hero-title e-transform e-transform elementor-hidden-mobile elementor-widget elementor-widget-heading\" data-id=\"74d63035\" data-element_type=\"widget\" data-e-type=\"widget\" data-settings=\"{&quot;_transform_translateX_effect&quot;:{&quot;unit&quot;:&quot;px&quot;,&quot;size&quot;:0,&quot;sizes&quot;:[]},&quot;_transform_translateX_effect_tablet&quot;:{&quot;unit&quot;:&quot;px&quot;,&quot;size&quot;:&quot;&quot;,&quot;sizes&quot;:[]},&quot;_transform_translateX_effect_mobile&quot;:{&quot;unit&quot;:&quot;px&quot;,&quot;size&quot;:&quot;&quot;,&quot;sizes&quot;:[]},&quot;_transform_translateY_effect&quot;:{&quot;unit&quot;:&quot;px&quot;,&quot;size&quot;:&quot;&quot;,&quot;sizes&quot;:[]},&quot;_transform_translateY_effect_tablet&quot;:{&quot;unit&quot;:&quot;px&quot;,&quot;size&quot;:&quot;&quot;,&quot;sizes&quot;:[]},&quot;_transform_translateY_effect_mobile&quot;:{&quot;unit&quot;:&quot;px&quot;,&quot;size&quot;:&quot;&quot;,&quot;sizes&quot;:[]},&quot;_transform_scale_effect&quot;:{&quot;unit&quot;:&quot;px&quot;,&quot;size&quot;:&quot;&quot;,&quot;sizes&quot;:[]},&quot;_transform_scale_effect_tablet&quot;:{&quot;unit&quot;:&quot;px&quot;,&quot;size&quot;:&quot;&quot;,&quot;sizes&quot;:[]},&quot;_transform_scale_effect_mobile&quot;:{&quot;unit&quot;:&quot;px&quot;,&quot;size&quot;:&quot;&quot;,&quot;sizes&quot;:[]}}\" data-widget_type=\"heading.default\">\n\t\t\t\t<div class=\"elementor-widget-container\">\n\t\t\t\t\t<h1 class=\"elementor-heading-title elementor-size-default\">\u00c0 la douce m\u00e9moire de<br>Tom Hughes Sr.<\/h1>\t\t\t\t<\/div>\n\t\t\t\t<\/div>\n\t\t\t\t<div class=\"elementor-element elementor-element-bd986f3 home-hero-title e-transform e-transform elementor-hidden-desktop elementor-hidden-tablet elementor-widget elementor-widget-heading\" data-id=\"bd986f3\" data-element_type=\"widget\" data-e-type=\"widget\" data-settings=\"{&quot;_transform_translateX_effect&quot;:{&quot;unit&quot;:&quot;px&quot;,&quot;size&quot;:0,&quot;sizes&quot;:[]},&quot;_transform_translateX_effect_tablet&quot;:{&quot;unit&quot;:&quot;px&quot;,&quot;size&quot;:&quot;&quot;,&quot;sizes&quot;:[]},&quot;_transform_translateX_effect_mobile&quot;:{&quot;unit&quot;:&quot;px&quot;,&quot;size&quot;:&quot;&quot;,&quot;sizes&quot;:[]},&quot;_transform_translateY_effect&quot;:{&quot;unit&quot;:&quot;px&quot;,&quot;size&quot;:&quot;&quot;,&quot;sizes&quot;:[]},&quot;_transform_translateY_effect_tablet&quot;:{&quot;unit&quot;:&quot;px&quot;,&quot;size&quot;:&quot;&quot;,&quot;sizes&quot;:[]},&quot;_transform_translateY_effect_mobile&quot;:{&quot;unit&quot;:&quot;px&quot;,&quot;size&quot;:&quot;&quot;,&quot;sizes&quot;:[]},&quot;_transform_scale_effect&quot;:{&quot;unit&quot;:&quot;px&quot;,&quot;size&quot;:&quot;&quot;,&quot;sizes&quot;:[]},&quot;_transform_scale_effect_tablet&quot;:{&quot;unit&quot;:&quot;px&quot;,&quot;size&quot;:&quot;&quot;,&quot;sizes&quot;:[]},&quot;_transform_scale_effect_mobile&quot;:{&quot;unit&quot;:&quot;px&quot;,&quot;size&quot;:&quot;&quot;,&quot;sizes&quot;:[]}}\" data-widget_type=\"heading.default\">\n\t\t\t\t<div class=\"elementor-widget-container\">\n\t\t\t\t\t<h1 class=\"elementor-heading-title elementor-size-default\">\u00c0 la douce m\u00e9moire de<br>Tom Hughes Sr.<\/h1>\t\t\t\t<\/div>\n\t\t\t\t<\/div>\n\t\t\t\t\t<\/div>\n\t\t\t\t<\/div>\n\t\t<div class=\"elementor-element elementor-element-53fd063 elementor-hidden-desktop elementor-hidden-tablet e-flex e-con-boxed e-con e-parent\" data-id=\"53fd063\" data-element_type=\"container\" data-e-type=\"container\" data-settings=\"{&quot;background_background&quot;:&quot;video&quot;,&quot;background_play_on_mobile&quot;:&quot;yes&quot;,&quot;background_video_start&quot;:10}\">\n\t\t\t\t\t<div class=\"e-con-inner\">\n\t\t\t\t<div class=\"elementor-element elementor-element-62083de home-hero-title e-transform e-transform elementor-hidden-mobile elementor-widget elementor-widget-heading\" data-id=\"62083de\" data-element_type=\"widget\" data-e-type=\"widget\" data-settings=\"{&quot;_transform_translateX_effect&quot;:{&quot;unit&quot;:&quot;px&quot;,&quot;size&quot;:0,&quot;sizes&quot;:[]},&quot;_transform_translateX_effect_tablet&quot;:{&quot;unit&quot;:&quot;px&quot;,&quot;size&quot;:&quot;&quot;,&quot;sizes&quot;:[]},&quot;_transform_translateX_effect_mobile&quot;:{&quot;unit&quot;:&quot;px&quot;,&quot;size&quot;:&quot;&quot;,&quot;sizes&quot;:[]},&quot;_transform_translateY_effect&quot;:{&quot;unit&quot;:&quot;px&quot;,&quot;size&quot;:&quot;&quot;,&quot;sizes&quot;:[]},&quot;_transform_translateY_effect_tablet&quot;:{&quot;unit&quot;:&quot;px&quot;,&quot;size&quot;:&quot;&quot;,&quot;sizes&quot;:[]},&quot;_transform_translateY_effect_mobile&quot;:{&quot;unit&quot;:&quot;px&quot;,&quot;size&quot;:&quot;&quot;,&quot;sizes&quot;:[]},&quot;_transform_scale_effect&quot;:{&quot;unit&quot;:&quot;px&quot;,&quot;size&quot;:&quot;&quot;,&quot;sizes&quot;:[]},&quot;_transform_scale_effect_tablet&quot;:{&quot;unit&quot;:&quot;px&quot;,&quot;size&quot;:&quot;&quot;,&quot;sizes&quot;:[]},&quot;_transform_scale_effect_mobile&quot;:{&quot;unit&quot;:&quot;px&quot;,&quot;size&quot;:&quot;&quot;,&quot;sizes&quot;:[]}}\" data-widget_type=\"heading.default\">\n\t\t\t\t<div class=\"elementor-widget-container\">\n\t\t\t\t\t<h1 class=\"elementor-heading-title elementor-size-default\">\u00c0 la douce m\u00e9moire de<br>Tom Hughes Sr.<\/h1>\t\t\t\t<\/div>\n\t\t\t\t<\/div>\n\t\t\t\t<div class=\"elementor-element elementor-element-30d1100 home-hero-title e-transform e-transform elementor-hidden-desktop elementor-hidden-tablet elementor-widget elementor-widget-heading\" data-id=\"30d1100\" data-element_type=\"widget\" data-e-type=\"widget\" data-settings=\"{&quot;_transform_translateX_effect&quot;:{&quot;unit&quot;:&quot;px&quot;,&quot;size&quot;:0,&quot;sizes&quot;:[]},&quot;_transform_translateX_effect_tablet&quot;:{&quot;unit&quot;:&quot;px&quot;,&quot;size&quot;:&quot;&quot;,&quot;sizes&quot;:[]},&quot;_transform_translateX_effect_mobile&quot;:{&quot;unit&quot;:&quot;px&quot;,&quot;size&quot;:&quot;&quot;,&quot;sizes&quot;:[]},&quot;_transform_translateY_effect&quot;:{&quot;unit&quot;:&quot;px&quot;,&quot;size&quot;:&quot;&quot;,&quot;sizes&quot;:[]},&quot;_transform_translateY_effect_tablet&quot;:{&quot;unit&quot;:&quot;px&quot;,&quot;size&quot;:&quot;&quot;,&quot;sizes&quot;:[]},&quot;_transform_translateY_effect_mobile&quot;:{&quot;unit&quot;:&quot;px&quot;,&quot;size&quot;:&quot;&quot;,&quot;sizes&quot;:[]},&quot;_transform_scale_effect&quot;:{&quot;unit&quot;:&quot;px&quot;,&quot;size&quot;:&quot;&quot;,&quot;sizes&quot;:[]},&quot;_transform_scale_effect_tablet&quot;:{&quot;unit&quot;:&quot;px&quot;,&quot;size&quot;:&quot;&quot;,&quot;sizes&quot;:[]},&quot;_transform_scale_effect_mobile&quot;:{&quot;unit&quot;:&quot;px&quot;,&quot;size&quot;:&quot;&quot;,&quot;sizes&quot;:[]}}\" data-widget_type=\"heading.default\">\n\t\t\t\t<div class=\"elementor-widget-container\">\n\t\t\t\t\t<h1 class=\"elementor-heading-title elementor-size-default\">\u00c0 la douce m\u00e9moire de<br>Tom Hughes Sr.<\/h1>\t\t\t\t<\/div>\n\t\t\t\t<\/div>\n\t\t\t\t\t<\/div>\n\t\t\t\t<\/div>\n\t\t<div class=\"elementor-element elementor-element-2150d1c e-flex e-con-boxed e-con e-parent\" data-id=\"2150d1c\" data-element_type=\"container\" data-e-type=\"container\">\n\t\t\t\t\t<div class=\"e-con-inner\">\n\t\t\t\t<div class=\"elementor-element elementor-element-6c71ee7 elementor-widget elementor-widget-image\" data-id=\"6c71ee7\" data-element_type=\"widget\" data-e-type=\"widget\" data-widget_type=\"image.default\">\n\t\t\t\t<div class=\"elementor-widget-container\">\n\t\t\t\t\t\t\t\t\t\t\t\t\t\t\t<img fetchpriority=\"high\" decoding=\"async\" width=\"518\" height=\"768\" src=\"https:\/\/www.earthfreshfoods.com\/wp-content\/uploads\/2025\/03\/IMG_5059.png\" class=\"attachment-medium size-medium wp-image-6490\" alt=\"\" srcset=\"https:\/\/www.earthfreshfoods.com\/wp-content\/uploads\/2025\/03\/IMG_5059.png 518w, https:\/\/www.earthfreshfoods.com\/wp-content\/uploads\/2025\/03\/IMG_5059-8x12.png 8w\" sizes=\"(max-width: 518px) 100vw, 518px\" \/>\t\t\t\t\t\t\t\t\t\t\t\t\t\t\t<\/div>\n\t\t\t\t<\/div>\n\t\t\t\t\t<\/div>\n\t\t\t\t<\/div>\n\t\t<div class=\"elementor-element elementor-element-8a039c3 e-flex e-con-boxed e-con e-parent\" data-id=\"8a039c3\" data-element_type=\"container\" data-e-type=\"container\">\n\t\t\t\t\t<div class=\"e-con-inner\">\n\t\t\t\t<div class=\"elementor-element elementor-element-b170ab1 elementor-widget elementor-widget-text-editor\" data-id=\"b170ab1\" data-element_type=\"widget\" data-e-type=\"widget\" data-widget_type=\"text-editor.default\">\n\t\t\t\t<div class=\"elementor-widget-container\">\n\t\t\t\t\t\t\t\t\t<h2 class=\"elementor-heading-title elementor-size-default elementor-inline-editing pen\" contenteditable=\"true\" data-elementor-setting-key=\"title\" data-pen-placeholder=\"Type Here...\">\u00a0<\/h2><p><strong>\u00c0 la douce m\u00e9moire de Tom Hughes Sr.\u00a0<\/strong><\/p><p><span data-contrast=\"auto\">C&#039;est avec une grande tristesse que nous annon\u00e7ons le d\u00e9c\u00e8s de Tom Hughes Sr., le fondateur d&#039;EarthFresh (anciennement connu sous le nom de Mackay and Hughes). La passion de Tom pour l&#039;industrie des fruits et l\u00e9gumes a d\u00e9but\u00e9 en 1963 lorsque lui et son partenaire commercial, Dave MacKay, ont \u00e9tabli un bureau de courtage de pommes de terre au Ontario Food Terminal. Ils ont distribu\u00e9 des pommes de terre exp\u00e9di\u00e9es principalement par train depuis l&#039;\u00cele-du-Prince-\u00c9douard, jetant ainsi les bases de ce qui allait devenir une entreprise florissante.<\/span><span data-ccp-props=\"{&quot;335551550&quot;:2,&quot;335551620&quot;:2,&quot;335559739&quot;:0}\">\u00a0<\/span><\/p><p><span data-contrast=\"auto\">En peu de temps, Mackay and Hughes a ouvert son propre entrep\u00f4t \u00e0 Etobicoke, en Ontario. Dot\u00e9e d&#039;une voie ferr\u00e9e d\u00e9di\u00e9e, d&#039;une flotte de v\u00e9hicules d&#039;entreprise et de sa propre cha\u00eene de reconditionnement, l&#039;entreprise a rapidement connu du succ\u00e8s en fournissant des services suppl\u00e9mentaires qui la distinguent. Au milieu des ann\u00e9es 1980, lorsque Tom a pris sa retraite, Mackay and Hughes \u00e9tait devenu l&#039;un des plus grands distributeurs de pommes de terre au Canada, ce qui t\u00e9moigne de la vision, du travail acharn\u00e9 et du d\u00e9vouement de Tom.<\/span><span data-ccp-props=\"{&quot;335551550&quot;:2,&quot;335551620&quot;:2,&quot;335559739&quot;:0}\">\u00a0<\/span><\/p><p><span data-contrast=\"auto\">Au-del\u00e0 de ses r\u00e9alisations professionnelles, Tom \u00e9tait un homme d\u00e9vou\u00e9 \u00e0 sa famille. Il ch\u00e9rissait sa femme Catherine, ses trois fils : Tom (Susie), Jeff (Mafie) et Greg (Amanda), ses deux filles : Mary (Peter) et Sheila, ses 11 petits-enfants : Whitney, Billy-Jean, Jessica (Jordan), Tommy, Hayden, Lydia, Julia, James, Jasper, Willow et Barrett, et ses trois arri\u00e8re-petits-enfants : Jack, Declan et Madelyn. Son amour pour la famille \u00e9tait \u00e9vident dans tout ce qu&#039;il faisait, et sa chaleur s&#039;\u00e9tendait \u00e0 ceux qui l&#039;entouraient.<\/span><span data-ccp-props=\"{&quot;335551550&quot;:2,&quot;335551620&quot;:2,&quot;335559739&quot;:0}\">\u00a0<\/span><\/p><p><span data-contrast=\"auto\">M\u00eame apr\u00e8s sa retraite, en 1986, Tom est rest\u00e9 passionn\u00e9 par l\u2019industrie des fruits et l\u00e9gumes. Il \u00e9tait bien connu et profond\u00e9ment respect\u00e9 par ses coll\u00e8gues, ses clients et ses amis. Sa pr\u00e9sence chez EarthFresh et Gambles \u00e9tait toujours la bienvenue. Que vous travailliez dans l\u2019entreprise depuis des ann\u00e9es ou que vous veniez de la rejoindre, Tom s\u2019assurait de vous accueillir avec gentillesse, int\u00e9r\u00eat sinc\u00e8re et une chaleureuse poign\u00e9e de main.<\/span><span data-ccp-props=\"{&quot;335551550&quot;:2,&quot;335551620&quot;:2,&quot;335559739&quot;:0}\">\u00a0<\/span><span data-ccp-props=\"{&quot;335551550&quot;:2,&quot;335551620&quot;:2,&quot;335559739&quot;:0}\">\u00a0<\/span><\/p><p><span data-contrast=\"auto\">Tom Hughes Sr. laisse derri\u00e8re lui un h\u00e9ritage incroyable, non seulement en affaires, mais aussi dans les innombrables vies qu&#039;il a touch\u00e9es. Son d\u00e9vouement, sa g\u00e9n\u00e9rosit\u00e9 et son esprit in\u00e9branlable resteront toujours dans nos m\u00e9moires.<\/span><span data-ccp-props=\"{&quot;335551550&quot;:2,&quot;335551620&quot;:2,&quot;335559739&quot;:0}\">\u00a0<\/span><\/p><p><span data-contrast=\"auto\">Repose en paix, Tom.<\/span><span data-ccp-props=\"{&quot;335551550&quot;:2,&quot;335551620&quot;:2,&quot;335559739&quot;:0}\">\u00a0<\/span><\/p><p><span data-contrast=\"auto\">Tu nous manqueras mais tu ne seras jamais oubli\u00e9.<\/span><span data-ccp-props=\"{&quot;335551550&quot;:2,&quot;335551620&quot;:2,&quot;335559739&quot;:0}\">\u00a0<\/span><\/p><p>\u00a0<\/p><p><strong>Visite \u00e0 <a href=\"https:\/\/www.smithsfh.com\/memorials\/thomas-hughes\/5560115\/\">MAISON FUN\u00c9RAIRE SMITH<\/a><\/strong><\/p><p>1167 Guelph Line (un feu rouge au nord de QEW), BURLINGTON<\/p><p>Mercredi 5 mars de 15h \u00e0 17h et de 19h \u00e0 21h,<\/p><p>Et<\/p><p>Jeudi 6 mars de 15h \u00e0 17h et de 19h \u00e0 21h<\/p><p>La c\u00e9l\u00e9bration de la vie suivra \u00e0 une date et une heure qui seront annonc\u00e9es.<\/p><p>Si vous le souhaitez, des contributions comm\u00e9moratives \u00e0 Georgian Bay Forever ou \u00e0 la Fondation de l&#039;h\u00f4pital Joseph Brant seraient sinc\u00e8rement appr\u00e9ci\u00e9es par la famille.<\/p><p><a href=\"https:\/\/www.georgianbayforever.org\/donations\">https:\/\/www.georgianbayforever.org\/donations<\/a><\/p><p><a href=\"https:\/\/jbhfoundation.ca\">https:\/\/jbhfoundation.ca<\/a><\/p><p><span data-ccp-props=\"{&quot;335551550&quot;:2,&quot;335551620&quot;:2,&quot;335559739&quot;:0}\">\u00a0<\/span><\/p>\t\t\t\t\t\t\t\t<\/div>\n\t\t\t\t<\/div>\n\t\t\t\t\t<\/div>\n\t\t\t\t<\/div>\n\t\t\t\t<\/div>","protected":false},"excerpt":{"rendered":"<p>In Loving Memory ofTom Hughes Sr. In Loving Memory ofTom Hughes Sr. In Loving Memory ofTom Hughes Sr. In Loving Memory ofTom Hughes Sr. \u00a0 In Loving Memory of Tom Hughes Sr.\u00a0 It is with great sadness that we share the passing of Tom Hughes Sr., the founder of EarthFresh (formerly known as Mackay and [&hellip;]<\/p>\n","protected":false},"author":7,"featured_media":0,"parent":0,"menu_order":0,"comment_status":"closed","ping_status":"closed","template":"","meta":{"_acf_changed":false,"footnotes":""},"class_list":["post-6479","page","type-page","status-publish","hentry"],"acf":[],"yoast_head":"<!-- This site is optimized with the Yoast SEO plugin v27.4 - https:\/\/yoast.com\/product\/yoast-seo-wordpress\/ -->\n<title>TomHughesSr - EarthFresh<\/title>\n<meta name=\"robots\" content=\"index, follow, max-snippet:-1, max-image-preview:large, max-video-preview:-1\" \/>\n<link rel=\"canonical\" href=\"https:\/\/www.earthfreshfoods.com\/fr\/tomhughessr\/\" \/>\n<meta property=\"og:locale\" content=\"fr_CA\" \/>\n<meta property=\"og:type\" content=\"article\" \/>\n<meta property=\"og:title\" content=\"TomHughesSr - EarthFresh\" \/>\n<meta property=\"og:description\" content=\"In Loving Memory ofTom Hughes Sr. In Loving Memory ofTom Hughes Sr. In Loving Memory ofTom Hughes Sr. In Loving Memory ofTom Hughes Sr. \u00a0 In Loving Memory of Tom Hughes Sr.\u00a0 It is with great sadness that we share the passing of Tom Hughes Sr., the founder of EarthFresh (formerly known as Mackay and [&hellip;]\" \/>\n<meta property=\"og:url\" content=\"https:\/\/www.earthfreshfoods.com\/fr\/tomhughessr\/\" \/>\n<meta property=\"og:site_name\" content=\"EarthFresh\" \/>\n<meta property=\"article:publisher\" content=\"https:\/\/www.facebook.com\/earthfresh\" \/>\n<meta property=\"article:modified_time\" content=\"2025-03-03T01:32:50+00:00\" \/>\n<meta property=\"og:image\" content=\"https:\/\/www.earthfreshfoods.com\/wp-content\/uploads\/2025\/03\/IMG_5059.png\" \/>\n\t<meta property=\"og:image:width\" content=\"518\" \/>\n\t<meta property=\"og:image:height\" content=\"768\" \/>\n\t<meta property=\"og:image:type\" content=\"image\/png\" \/>\n<meta name=\"twitter:card\" content=\"summary_large_image\" \/>\n<meta name=\"twitter:site\" content=\"@earthfreshfarms\" \/>\n<meta name=\"twitter:label1\" content=\"Estimation du temps de lecture\" \/>\n\t<meta name=\"twitter:data1\" content=\"3 minutes\" \/>\n<script type=\"application\/ld+json\" class=\"yoast-schema-graph\">{\"@context\":\"https:\\\/\\\/schema.org\",\"@graph\":[{\"@type\":\"WebPage\",\"@id\":\"https:\\\/\\\/www.earthfreshfoods.com\\\/tomhughessr\\\/\",\"url\":\"https:\\\/\\\/www.earthfreshfoods.com\\\/tomhughessr\\\/\",\"name\":\"TomHughesSr - EarthFresh\",\"isPartOf\":{\"@id\":\"https:\\\/\\\/www.earthfreshfoods.com\\\/#website\"},\"primaryImageOfPage\":{\"@id\":\"https:\\\/\\\/www.earthfreshfoods.com\\\/tomhughessr\\\/#primaryimage\"},\"image\":{\"@id\":\"https:\\\/\\\/www.earthfreshfoods.com\\\/tomhughessr\\\/#primaryimage\"},\"thumbnailUrl\":\"https:\\\/\\\/www.earthfreshfoods.com\\\/wp-content\\\/uploads\\\/2025\\\/03\\\/IMG_5059.png\",\"datePublished\":\"2025-02-28T15:27:12+00:00\",\"dateModified\":\"2025-03-03T01:32:50+00:00\",\"breadcrumb\":{\"@id\":\"https:\\\/\\\/www.earthfreshfoods.com\\\/tomhughessr\\\/#breadcrumb\"},\"inLanguage\":\"fr-CA\",\"potentialAction\":[{\"@type\":\"ReadAction\",\"target\":[\"https:\\\/\\\/www.earthfreshfoods.com\\\/tomhughessr\\\/\"]}]},{\"@type\":\"ImageObject\",\"inLanguage\":\"fr-CA\",\"@id\":\"https:\\\/\\\/www.earthfreshfoods.com\\\/tomhughessr\\\/#primaryimage\",\"url\":\"https:\\\/\\\/www.earthfreshfoods.com\\\/wp-content\\\/uploads\\\/2025\\\/03\\\/IMG_5059.png\",\"contentUrl\":\"https:\\\/\\\/www.earthfreshfoods.com\\\/wp-content\\\/uploads\\\/2025\\\/03\\\/IMG_5059.png\"},{\"@type\":\"BreadcrumbList\",\"@id\":\"https:\\\/\\\/www.earthfreshfoods.com\\\/tomhughessr\\\/#breadcrumb\",\"itemListElement\":[{\"@type\":\"ListItem\",\"position\":1,\"name\":\"Home\",\"item\":\"https:\\\/\\\/www.earthfreshfoods.com\\\/\"},{\"@type\":\"ListItem\",\"position\":2,\"name\":\"TomHughesSr\"}]},{\"@type\":\"WebSite\",\"@id\":\"https:\\\/\\\/www.earthfreshfoods.com\\\/#website\",\"url\":\"https:\\\/\\\/www.earthfreshfoods.com\\\/\",\"name\":\"EarthFresh\",\"description\":\"Real. Good.\",\"publisher\":{\"@id\":\"https:\\\/\\\/www.earthfreshfoods.com\\\/#organization\"},\"potentialAction\":[{\"@type\":\"SearchAction\",\"target\":{\"@type\":\"EntryPoint\",\"urlTemplate\":\"https:\\\/\\\/www.earthfreshfoods.com\\\/?s={search_term_string}\"},\"query-input\":{\"@type\":\"PropertyValueSpecification\",\"valueRequired\":true,\"valueName\":\"search_term_string\"}}],\"inLanguage\":\"fr-CA\"},{\"@type\":\"Organization\",\"@id\":\"https:\\\/\\\/www.earthfreshfoods.com\\\/#organization\",\"name\":\"EarthFresh\",\"url\":\"https:\\\/\\\/www.earthfreshfoods.com\\\/\",\"logo\":{\"@type\":\"ImageObject\",\"inLanguage\":\"fr-CA\",\"@id\":\"https:\\\/\\\/www.earthfreshfoods.com\\\/#\\\/schema\\\/logo\\\/image\\\/\",\"url\":\"https:\\\/\\\/www.earthfreshfoods.com\\\/wp-content\\\/uploads\\\/2020\\\/09\\\/earth-fresh-main-logo.svg\",\"contentUrl\":\"https:\\\/\\\/www.earthfreshfoods.com\\\/wp-content\\\/uploads\\\/2020\\\/09\\\/earth-fresh-main-logo.svg\",\"width\":114.79,\"height\":187.8,\"caption\":\"EarthFresh\"},\"image\":{\"@id\":\"https:\\\/\\\/www.earthfreshfoods.com\\\/#\\\/schema\\\/logo\\\/image\\\/\"},\"sameAs\":[\"https:\\\/\\\/www.facebook.com\\\/earthfresh\",\"https:\\\/\\\/x.com\\\/earthfreshfarms\",\"https:\\\/\\\/www.instagram.com\\\/earthfresh\\\/\",\"https:\\\/\\\/www.linkedin.com\\\/company\\\/earthfresh-farms\\\/?originalSubdomain=ca\",\"https:\\\/\\\/www.pinterest.com\\\/earthfreshfarms\\\/\",\"https:\\\/\\\/www.youtube.com\\\/channel\\\/UClgSPQ4ynmxAyqeg8T2J6KA\"]}]}<\/script>\n<!-- \/ Yoast SEO plugin. -->","yoast_head_json":{"title":"TomHughesSr - EarthFresh","robots":{"index":"index","follow":"follow","max-snippet":"max-snippet:-1","max-image-preview":"max-image-preview:large","max-video-preview":"max-video-preview:-1"},"canonical":"https:\/\/www.earthfreshfoods.com\/fr\/tomhughessr\/","og_locale":"fr_CA","og_type":"article","og_title":"TomHughesSr - EarthFresh","og_description":"In Loving Memory ofTom Hughes Sr. In Loving Memory ofTom Hughes Sr. In Loving Memory ofTom Hughes Sr. In Loving Memory ofTom Hughes Sr. \u00a0 In Loving Memory of Tom Hughes Sr.\u00a0 It is with great sadness that we share the passing of Tom Hughes Sr., the founder of EarthFresh (formerly known as Mackay and [&hellip;]","og_url":"https:\/\/www.earthfreshfoods.com\/fr\/tomhughessr\/","og_site_name":"EarthFresh","article_publisher":"https:\/\/www.facebook.com\/earthfresh","article_modified_time":"2025-03-03T01:32:50+00:00","og_image":[{"width":518,"height":768,"url":"https:\/\/www.earthfreshfoods.com\/wp-content\/uploads\/2025\/03\/IMG_5059.png","type":"image\/png"}],"twitter_card":"summary_large_image","twitter_site":"@earthfreshfarms","twitter_misc":{"Estimation du temps de lecture":"3 minutes"},"schema":{"@context":"https:\/\/schema.org","@graph":[{"@type":"WebPage","@id":"https:\/\/www.earthfreshfoods.com\/tomhughessr\/","url":"https:\/\/www.earthfreshfoods.com\/tomhughessr\/","name":"TomHughesSr - EarthFresh","isPartOf":{"@id":"https:\/\/www.earthfreshfoods.com\/#website"},"primaryImageOfPage":{"@id":"https:\/\/www.earthfreshfoods.com\/tomhughessr\/#primaryimage"},"image":{"@id":"https:\/\/www.earthfreshfoods.com\/tomhughessr\/#primaryimage"},"thumbnailUrl":"https:\/\/www.earthfreshfoods.com\/wp-content\/uploads\/2025\/03\/IMG_5059.png","datePublished":"2025-02-28T15:27:12+00:00","dateModified":"2025-03-03T01:32:50+00:00","breadcrumb":{"@id":"https:\/\/www.earthfreshfoods.com\/tomhughessr\/#breadcrumb"},"inLanguage":"fr-CA","potentialAction":[{"@type":"ReadAction","target":["https:\/\/www.earthfreshfoods.com\/tomhughessr\/"]}]},{"@type":"ImageObject","inLanguage":"fr-CA","@id":"https:\/\/www.earthfreshfoods.com\/tomhughessr\/#primaryimage","url":"https:\/\/www.earthfreshfoods.com\/wp-content\/uploads\/2025\/03\/IMG_5059.png","contentUrl":"https:\/\/www.earthfreshfoods.com\/wp-content\/uploads\/2025\/03\/IMG_5059.png"},{"@type":"BreadcrumbList","@id":"https:\/\/www.earthfreshfoods.com\/tomhughessr\/#breadcrumb","itemListElement":[{"@type":"ListItem","position":1,"name":"Home","item":"https:\/\/www.earthfreshfoods.com\/"},{"@type":"ListItem","position":2,"name":"TomHughesSr"}]},{"@type":"WebSite","@id":"https:\/\/www.earthfreshfoods.com\/#website","url":"https:\/\/www.earthfreshfoods.com\/","name":"EarthFresh","description":"R\u00e9el. Bien.","publisher":{"@id":"https:\/\/www.earthfreshfoods.com\/#organization"},"potentialAction":[{"@type":"SearchAction","target":{"@type":"EntryPoint","urlTemplate":"https:\/\/www.earthfreshfoods.com\/?s={search_term_string}"},"query-input":{"@type":"PropertyValueSpecification","valueRequired":true,"valueName":"search_term_string"}}],"inLanguage":"fr-CA"},{"@type":"Organization","@id":"https:\/\/www.earthfreshfoods.com\/#organization","name":"EarthFresh","url":"https:\/\/www.earthfreshfoods.com\/","logo":{"@type":"ImageObject","inLanguage":"fr-CA","@id":"https:\/\/www.earthfreshfoods.com\/#\/schema\/logo\/image\/","url":"https:\/\/www.earthfreshfoods.com\/wp-content\/uploads\/2020\/09\/earth-fresh-main-logo.svg","contentUrl":"https:\/\/www.earthfreshfoods.com\/wp-content\/uploads\/2020\/09\/earth-fresh-main-logo.svg","width":114.79,"height":187.8,"caption":"EarthFresh"},"image":{"@id":"https:\/\/www.earthfreshfoods.com\/#\/schema\/logo\/image\/"},"sameAs":["https:\/\/www.facebook.com\/earthfresh","https:\/\/x.com\/earthfreshfarms","https:\/\/www.instagram.com\/earthfresh\/","https:\/\/www.linkedin.com\/company\/earthfresh-farms\/?originalSubdomain=ca","https:\/\/www.pinterest.com\/earthfreshfarms\/","https:\/\/www.youtube.com\/channel\/UClgSPQ4ynmxAyqeg8T2J6KA"]}]}},"_links":{"self":[{"href":"https:\/\/www.earthfreshfoods.com\/fr\/wp-json\/wp\/v2\/pages\/6479","targetHints":{"allow":["GET"]}}],"collection":[{"href":"https:\/\/www.earthfreshfoods.com\/fr\/wp-json\/wp\/v2\/pages"}],"about":[{"href":"https:\/\/www.earthfreshfoods.com\/fr\/wp-json\/wp\/v2\/types\/page"}],"author":[{"embeddable":true,"href":"https:\/\/www.earthfreshfoods.com\/fr\/wp-json\/wp\/v2\/users\/7"}],"replies":[{"embeddable":true,"href":"https:\/\/www.earthfreshfoods.com\/fr\/wp-json\/wp\/v2\/comments?post=6479"}],"version-history":[{"count":0,"href":"https:\/\/www.earthfreshfoods.com\/fr\/wp-json\/wp\/v2\/pages\/6479\/revisions"}],"wp:attachment":[{"href":"https:\/\/www.earthfreshfoods.com\/fr\/wp-json\/wp\/v2\/media?parent=6479"}],"curies":[{"name":"wp","href":"https:\/\/api.w.org\/{rel}","templated":true}]}}